{"id":935,"date":"2024-01-22T14:31:08","date_gmt":"2024-01-22T13:31:08","guid":{"rendered":"https:\/\/ubcr.be\/ubcrubcr\/?page_id=935"},"modified":"2025-07-04T15:51:35","modified_gmt":"2025-07-04T13:51:35","slug":"petites-annonces","status":"publish","type":"page","link":"https:\/\/ubcr.be\/ubcrubcr\/petites-annonces\/","title":{"rendered":"Petites annonces"},"content":{"rendered":"\n<div class=\"wp-block-cover\"><img loading=\"lazy\" decoding=\"async\" width=\"1900\" height=\"601\" class=\"wp-block-cover__image-background wp-image-936\" alt=\"\" src=\"https:\/\/ubcr.be\/ubcrubcr\/wp-content\/uploads\/2024\/01\/Petites-annonces.jpg\" data-object-fit=\"cover\" srcset=\"https:\/\/ubcr.be\/ubcrubcr\/wp-content\/uploads\/2024\/01\/Petites-annonces.jpg 1900w, https:\/\/ubcr.be\/ubcrubcr\/wp-content\/uploads\/2024\/01\/Petites-annonces-300x95.jpg 300w, https:\/\/ubcr.be\/ubcrubcr\/wp-content\/uploads\/2024\/01\/Petites-annonces-1024x324.jpg 1024w, https:\/\/ubcr.be\/ubcrubcr\/wp-content\/uploads\/2024\/01\/Petites-annonces-768x243.jpg 768w, https:\/\/ubcr.be\/ubcrubcr\/wp-content\/uploads\/2024\/01\/Petites-annonces-1536x486.jpg 1536w\" sizes=\"auto, (max-width: 1900px) 100vw, 1900px\" \/><span aria-hidden=\"true\" class=\"wp-block-cover__background has-background-dim\"><\/span><div class=\"wp-block-cover__inner-container is-layout-constrained wp-block-cover-is-layout-constrained\">\n<h2 id=\"wp-block-themeisle-blocks-advanced-heading-e6c1063c\" class=\"wp-block-themeisle-blocks-advanced-heading wp-block-themeisle-blocks-advanced-heading-e6c1063c\">Les petites annonces de l&rsquo;UBCR<\/h2>\n<\/div><\/div>\n\n\n\n<div class=\"wp-block-columns is-layout-flex wp-container-core-columns-is-layout-9d6595d7 wp-block-columns-is-layout-flex\">\n<div class=\"wp-block-column is-layout-flow wp-block-column-is-layout-flow\" style=\"flex-basis:10%\"><\/div>\n\n\n\n<div class=\"wp-block-column is-layout-flow wp-block-column-is-layout-flow\" style=\"flex-basis:75%\">\n<div id=\"wp-block-themeisle-blocks-advanced-columns-d72bb5ac\" class=\"wp-block-themeisle-blocks-advanced-columns has-1-columns has-desktop-equal-layout has-tablet-equal-layout has-mobile-equal-layout has-vertical-unset\"><div class=\"wp-block-themeisle-blocks-advanced-columns-overlay\"><\/div><div class=\"innerblocks-wrap\">\n<div id=\"wp-block-themeisle-blocks-advanced-column-9d56ce3d\" class=\"wp-block-themeisle-blocks-advanced-column\"><div class=\"yoast-breadcrumbs\"><span><span><a href=\"https:\/\/ubcr.be\/ubcrubcr\/\">Accueil<\/a><\/span> \u00bb <span class=\"breadcrumb_last\" aria-current=\"page\">Petites annonces<\/span><\/span><\/div>\n\n\n<div style=\"height:20px\" aria-hidden=\"true\" class=\"wp-block-spacer\"><\/div>\n\n\n\n<div id=\"wp-block-themeisle-blocks-advanced-columns-70a63dae\" class=\"wp-block-themeisle-blocks-advanced-columns has-1-columns has-desktop-equal-layout has-tablet-equal-layout has-mobile-equal-layout has-vertical-unset\"><div class=\"wp-block-themeisle-blocks-advanced-columns-overlay\"><\/div><div class=\"innerblocks-wrap\">\n<div id=\"wp-block-themeisle-blocks-advanced-column-ce53ae64\" class=\"wp-block-themeisle-blocks-advanced-column has-light-bg\">\n<h3><span style=\"color: #ea631b;\">Avertissement concernant la vente d&rsquo;armes&nbsp;<\/span><\/h3>\n<h5>La loi du 8 juin 2006 sur les armes n&rsquo;autorise la vente d&rsquo;armes soumises \u00e0 autorisation (toutes les armes de chasse sont concern\u00e9es) qu&rsquo;aux personnes agr\u00e9\u00e9es ou \u00e0 une personne ayant l&rsquo;autorisation pr\u00e9alable de d\u00e9tention.<\/h5>\n<h5>Toutes les armes mises en vente doivent donc \u00eatre enregistr\u00e9es officiellement et une copie du mod\u00e8le 9 du vendeur doit \u00eatre jointe \u00e0 la demande de publication. La transaction ne pourra se faire qu&rsquo;en pr\u00e9sence de l&rsquo;acheteur et du vendeur, \u00e0 qui il appartient solidairement de v\u00e9rifier que les documents d&rsquo;autorisations ad\u00e9quats soient pr\u00e9sent\u00e9s et \u00e9dit\u00e9s.<\/h5>\n<\/div>\n<\/div><\/div>\n<\/div>\n<\/div><\/div>\n\n\n\n<div id=\"wp-block-themeisle-blocks-advanced-columns-1138e9c6\" class=\"wp-block-themeisle-blocks-advanced-columns has-2-columns has-desktop-twoOne-layout has-tablet-equal-layout has-mobile-collapsedRows-layout has-vertical-unset\"><div class=\"wp-block-themeisle-blocks-advanced-columns-overlay\"><\/div><div class=\"innerblocks-wrap\">\n<div id=\"wp-block-themeisle-blocks-advanced-column-e47c67f3\" class=\"wp-block-themeisle-blocks-advanced-column\"><ul style=\"background-color:#f2f2f2;\" class=\"wp-block-latest-posts__list has-dates wp-block-latest-posts has-background has-medium-font-size\"><li><a class=\"wp-block-latest-posts__post-title\" href=\"https:\/\/ubcr.be\/ubcrubcr\/the-hunger-camp-revolutionne-lexperience-de-chasse\/\">The Hunter Camp : une nouvelle exp\u00e9rience de chasse<\/a><time datetime=\"2026-04-16T08:49:32+02:00\" class=\"wp-block-latest-posts__post-date\">16 avril 2026<\/time><\/li>\n<li><a class=\"wp-block-latest-posts__post-title\" href=\"https:\/\/ubcr.be\/ubcrubcr\/miradors-daffut-et-de-battue\/\">Miradors d&rsquo;aff\u00fbt et de battue<\/a><time datetime=\"2026-04-16T08:40:43+02:00\" class=\"wp-block-latest-posts__post-date\">16 avril 2026<\/time><\/li>\n<li><a class=\"wp-block-latest-posts__post-title\" href=\"https:\/\/ubcr.be\/ubcrubcr\/a-vendre\/\">Armes \u00e0 Vendre<\/a><time datetime=\"2026-04-16T07:02:00+02:00\" class=\"wp-block-latest-posts__post-date\">16 avril 2026<\/time><\/li>\n<li><a class=\"wp-block-latest-posts__post-title\" href=\"https:\/\/ubcr.be\/ubcrubcr\/cage-piege-a-raton-laveur\/\">Cage \/ pi\u00e8ge \u00e0 raton laveur<\/a><time datetime=\"2024-01-22T15:33:00+01:00\" class=\"wp-block-latest-posts__post-date\">22 janvier 2024<\/time><\/li>\n<\/ul><\/div>\n\n\n\n<div id=\"wp-block-themeisle-blocks-advanced-column-cb182a10\" class=\"wp-block-themeisle-blocks-advanced-column\">\n<div id=\"wp-block-themeisle-blocks-advanced-columns-934f023b\" class=\"wp-block-themeisle-blocks-advanced-columns has-1-columns has-desktop-equal-layout has-tablet-equal-layout has-mobile-equal-layout has-vertical-unset\"><div class=\"wp-block-themeisle-blocks-advanced-columns-overlay\"><\/div><div class=\"innerblocks-wrap\">\n<div id=\"wp-block-themeisle-blocks-advanced-column-08d0bbfd\" class=\"wp-block-themeisle-blocks-advanced-column\">\n<h2 id=\"wp-block-themeisle-blocks-advanced-heading-f2d66f37\" class=\"wp-block-themeisle-blocks-advanced-heading wp-block-themeisle-blocks-advanced-heading-f2d66f37\">Publier une annonce<\/h2>\n\n\n\n<p>Pour publier une annonce; merci d&rsquo;envoyer les informations suivantes \u00e0 <a href=\"mailto:info@ucbr.be\">info@ucbr.be<\/a><\/p>\n<ul>\n<li>Vos noms et coordonn\u00e9es compl\u00e8tes (non publi\u00e9s)<\/li>\n<li>Texte de votre annonce<\/li>\n<li>Photos(s)<\/li>\n<li>Informations de contact \u00e0 publier (mail, t\u00e9l\u00e9phone)<\/li>\n<li>Fichier joint \u00e9ventuel (brochure, fiche technique,&#8230;)<\/li>\n<li>Pour les armes, la copie du Mod. 9<\/li>\n<\/ul>\n<h6>La publication de petites annonces sur notre site est r\u00e9serv\u00e9e aux membres de l&rsquo;UCBR !&nbsp;<\/h6>\n<\/div>\n<\/div><\/div>\n<\/div>\n<\/div><\/div>\n<\/div>\n\n\n\n<div class=\"wp-block-column is-layout-flow wp-block-column-is-layout-flow\" style=\"flex-basis:10%\"><\/div>\n<\/div>\n","protected":false},"excerpt":{"rendered":"","protected":false},"author":3,"featured_media":0,"parent":0,"menu_order":0,"comment_status":"closed","ping_status":"closed","template":"","meta":{"ngg_post_thumbnail":0,"ocean_post_layout":"","ocean_both_sidebars_style":"","ocean_both_sidebars_content_width":0,"ocean_both_sidebars_sidebars_width":0,"ocean_sidebar":"","ocean_second_sidebar":"","ocean_disable_margins":"enable","ocean_add_body_class":"","ocean_shortcode_before_top_bar":"","ocean_shortcode_after_top_bar":"","ocean_shortcode_before_header":"","ocean_shortcode_after_header":"","ocean_has_shortcode":"","ocean_shortcode_after_title":"","ocean_shortcode_before_footer_widgets":"","ocean_shortcode_after_footer_widgets":"","ocean_shortcode_before_footer_bottom":"","ocean_shortcode_after_footer_bottom":"","ocean_display_top_bar":"default","ocean_display_header":"default","ocean_header_style":"","ocean_center_header_left_menu":"","ocean_custom_header_template":"","ocean_custom_logo":0,"ocean_custom_retina_logo":0,"ocean_custom_logo_max_width":0,"ocean_custom_logo_tablet_max_width":0,"ocean_custom_logo_mobile_max_width":0,"ocean_custom_logo_max_height":0,"ocean_custom_logo_tablet_max_height":0,"ocean_custom_logo_mobile_max_height":0,"ocean_header_custom_menu":"","ocean_menu_typo_font_family":"","ocean_menu_typo_font_subset":"","ocean_menu_typo_font_size":0,"ocean_menu_typo_font_size_tablet":0,"ocean_menu_typo_font_size_mobile":0,"ocean_menu_typo_font_size_unit":"px","ocean_menu_typo_font_weight":"","ocean_menu_typo_font_weight_tablet":"","ocean_menu_typo_font_weight_mobile":"","ocean_menu_typo_transform":"","ocean_menu_typo_transform_tablet":"","ocean_menu_typo_transform_mobile":"","ocean_menu_typo_line_height":0,"ocean_menu_typo_line_height_tablet":0,"ocean_menu_typo_line_height_mobile":0,"ocean_menu_typo_line_height_unit":"","ocean_menu_typo_spacing":0,"ocean_menu_typo_spacing_tablet":0,"ocean_menu_typo_spacing_mobile":0,"ocean_menu_typo_spacing_unit":"","ocean_menu_link_color":"","ocean_menu_link_color_hover":"","ocean_menu_link_color_active":"","ocean_menu_link_background":"","ocean_menu_link_hover_background":"","ocean_menu_link_active_background":"","ocean_menu_social_links_bg":"","ocean_menu_social_hover_links_bg":"","ocean_menu_social_links_color":"","ocean_menu_social_hover_links_color":"","ocean_disable_title":"default","ocean_disable_heading":"default","ocean_post_title":"","ocean_post_subheading":"","ocean_post_title_style":"","ocean_post_title_background_color":"","ocean_post_title_background":0,"ocean_post_title_bg_image_position":"","ocean_post_title_bg_image_attachment":"","ocean_post_title_bg_image_repeat":"","ocean_post_title_bg_image_size":"","ocean_post_title_height":0,"ocean_post_title_bg_overlay":0.5,"ocean_post_title_bg_overlay_color":"","ocean_disable_breadcrumbs":"default","ocean_breadcrumbs_color":"","ocean_breadcrumbs_separator_color":"","ocean_breadcrumbs_links_color":"","ocean_breadcrumbs_links_hover_color":"","ocean_display_footer_widgets":"default","ocean_display_footer_bottom":"default","ocean_custom_footer_template":"","_themeisle_gutenberg_block_has_review":false,"footnotes":""},"class_list":["post-935","page","type-page","status-publish","hentry","entry"],"yoast_head":"<!-- This site is optimized with the Yoast SEO plugin v27.0 - https:\/\/yoast.com\/product\/yoast-seo-wordpress\/ -->\n<title>Petites annonces - UBCR<\/title>\n<meta name=\"robots\" content=\"index, follow, max-snippet:-1, max-image-preview:large, max-video-preview:-1\" \/>\n<link rel=\"canonical\" href=\"https:\/\/ubcr.be\/ubcrubcr\/petites-annonces\/\" \/>\n<meta property=\"og:locale\" content=\"fr_FR\" \/>\n<meta property=\"og:type\" content=\"article\" \/>\n<meta property=\"og:title\" content=\"Petites annonces - UBCR\" \/>\n<meta property=\"og:url\" content=\"https:\/\/ubcr.be\/ubcrubcr\/petites-annonces\/\" \/>\n<meta property=\"og:site_name\" content=\"UBCR\" \/>\n<meta property=\"article:modified_time\" content=\"2025-07-04T13:51:35+00:00\" \/>\n<meta property=\"og:image\" content=\"https:\/\/ubcr.be\/ubcrubcr\/wp-content\/uploads\/2024\/01\/Petites-annonces.jpg\" \/>\n\t<meta property=\"og:image:width\" content=\"1900\" \/>\n\t<meta property=\"og:image:height\" content=\"601\" \/>\n\t<meta property=\"og:image:type\" content=\"image\/jpeg\" \/>\n<meta name=\"twitter:card\" content=\"summary_large_image\" \/>\n<meta name=\"twitter:label1\" content=\"Dur\u00e9e de lecture estim\u00e9e\" \/>\n\t<meta name=\"twitter:data1\" content=\"2 minutes\" \/>\n<script type=\"application\/ld+json\" class=\"yoast-schema-graph\">{\"@context\":\"https:\/\/schema.org\",\"@graph\":[{\"@type\":\"WebPage\",\"@id\":\"https:\/\/ubcr.be\/ubcrubcr\/petites-annonces\/\",\"url\":\"https:\/\/ubcr.be\/ubcrubcr\/petites-annonces\/\",\"name\":\"Petites annonces - UBCR\",\"isPartOf\":{\"@id\":\"https:\/\/ubcr.be\/ubcrubcr\/#website\"},\"primaryImageOfPage\":{\"@id\":\"https:\/\/ubcr.be\/ubcrubcr\/petites-annonces\/#primaryimage\"},\"image\":{\"@id\":\"https:\/\/ubcr.be\/ubcrubcr\/petites-annonces\/#primaryimage\"},\"thumbnailUrl\":\"https:\/\/ubcr.be\/ubcrubcr\/wp-content\/uploads\/2024\/01\/Petites-annonces.jpg\",\"datePublished\":\"2024-01-22T13:31:08+00:00\",\"dateModified\":\"2025-07-04T13:51:35+00:00\",\"breadcrumb\":{\"@id\":\"https:\/\/ubcr.be\/ubcrubcr\/petites-annonces\/#breadcrumb\"},\"inLanguage\":\"fr-FR\",\"potentialAction\":[{\"@type\":\"ReadAction\",\"target\":[\"https:\/\/ubcr.be\/ubcrubcr\/petites-annonces\/\"]}]},{\"@type\":\"ImageObject\",\"inLanguage\":\"fr-FR\",\"@id\":\"https:\/\/ubcr.be\/ubcrubcr\/petites-annonces\/#primaryimage\",\"url\":\"https:\/\/ubcr.be\/ubcrubcr\/wp-content\/uploads\/2024\/01\/Petites-annonces.jpg\",\"contentUrl\":\"https:\/\/ubcr.be\/ubcrubcr\/wp-content\/uploads\/2024\/01\/Petites-annonces.jpg\",\"width\":1900,\"height\":601},{\"@type\":\"BreadcrumbList\",\"@id\":\"https:\/\/ubcr.be\/ubcrubcr\/petites-annonces\/#breadcrumb\",\"itemListElement\":[{\"@type\":\"ListItem\",\"position\":1,\"name\":\"Accueil\",\"item\":\"https:\/\/ubcr.be\/ubcrubcr\/\"},{\"@type\":\"ListItem\",\"position\":2,\"name\":\"Petites annonces\"}]},{\"@type\":\"WebSite\",\"@id\":\"https:\/\/ubcr.be\/ubcrubcr\/#website\",\"url\":\"https:\/\/ubcr.be\/ubcrubcr\/\",\"name\":\"UBCR\",\"description\":\"Union Belge de la Chasse et de la Ruralit\u00e9\",\"publisher\":{\"@id\":\"https:\/\/ubcr.be\/ubcrubcr\/#organization\"},\"potentialAction\":[{\"@type\":\"SearchAction\",\"target\":{\"@type\":\"EntryPoint\",\"urlTemplate\":\"https:\/\/ubcr.be\/ubcrubcr\/?s={search_term_string}\"},\"query-input\":{\"@type\":\"PropertyValueSpecification\",\"valueRequired\":true,\"valueName\":\"search_term_string\"}}],\"inLanguage\":\"fr-FR\"},{\"@type\":\"Organization\",\"@id\":\"https:\/\/ubcr.be\/ubcrubcr\/#organization\",\"name\":\"Union Belge de la Chasse et de la ruralit\u00e9\",\"url\":\"https:\/\/ubcr.be\/ubcrubcr\/\",\"logo\":{\"@type\":\"ImageObject\",\"inLanguage\":\"fr-FR\",\"@id\":\"https:\/\/ubcr.be\/ubcrubcr\/#\/schema\/logo\/image\/\",\"url\":\"https:\/\/ubcr.be\/ubcrubcr\/wp-content\/uploads\/2023\/10\/Logo-2023-UBCR_Web3.png\",\"contentUrl\":\"https:\/\/ubcr.be\/ubcrubcr\/wp-content\/uploads\/2023\/10\/Logo-2023-UBCR_Web3.png\",\"width\":381,\"height\":139,\"caption\":\"Union Belge de la Chasse et de la ruralit\u00e9\"},\"image\":{\"@id\":\"https:\/\/ubcr.be\/ubcrubcr\/#\/schema\/logo\/image\/\"}}]}<\/script>\n<!-- \/ Yoast SEO plugin. -->","yoast_head_json":{"title":"Petites annonces - UBCR","robots":{"index":"index","follow":"follow","max-snippet":"max-snippet:-1","max-image-preview":"max-image-preview:large","max-video-preview":"max-video-preview:-1"},"canonical":"https:\/\/ubcr.be\/ubcrubcr\/petites-annonces\/","og_locale":"fr_FR","og_type":"article","og_title":"Petites annonces - UBCR","og_url":"https:\/\/ubcr.be\/ubcrubcr\/petites-annonces\/","og_site_name":"UBCR","article_modified_time":"2025-07-04T13:51:35+00:00","og_image":[{"width":1900,"height":601,"url":"https:\/\/ubcr.be\/ubcrubcr\/wp-content\/uploads\/2024\/01\/Petites-annonces.jpg","type":"image\/jpeg"}],"twitter_card":"summary_large_image","twitter_misc":{"Dur\u00e9e de lecture estim\u00e9e":"2 minutes"},"schema":{"@context":"https:\/\/schema.org","@graph":[{"@type":"WebPage","@id":"https:\/\/ubcr.be\/ubcrubcr\/petites-annonces\/","url":"https:\/\/ubcr.be\/ubcrubcr\/petites-annonces\/","name":"Petites annonces - UBCR","isPartOf":{"@id":"https:\/\/ubcr.be\/ubcrubcr\/#website"},"primaryImageOfPage":{"@id":"https:\/\/ubcr.be\/ubcrubcr\/petites-annonces\/#primaryimage"},"image":{"@id":"https:\/\/ubcr.be\/ubcrubcr\/petites-annonces\/#primaryimage"},"thumbnailUrl":"https:\/\/ubcr.be\/ubcrubcr\/wp-content\/uploads\/2024\/01\/Petites-annonces.jpg","datePublished":"2024-01-22T13:31:08+00:00","dateModified":"2025-07-04T13:51:35+00:00","breadcrumb":{"@id":"https:\/\/ubcr.be\/ubcrubcr\/petites-annonces\/#breadcrumb"},"inLanguage":"fr-FR","potentialAction":[{"@type":"ReadAction","target":["https:\/\/ubcr.be\/ubcrubcr\/petites-annonces\/"]}]},{"@type":"ImageObject","inLanguage":"fr-FR","@id":"https:\/\/ubcr.be\/ubcrubcr\/petites-annonces\/#primaryimage","url":"https:\/\/ubcr.be\/ubcrubcr\/wp-content\/uploads\/2024\/01\/Petites-annonces.jpg","contentUrl":"https:\/\/ubcr.be\/ubcrubcr\/wp-content\/uploads\/2024\/01\/Petites-annonces.jpg","width":1900,"height":601},{"@type":"BreadcrumbList","@id":"https:\/\/ubcr.be\/ubcrubcr\/petites-annonces\/#breadcrumb","itemListElement":[{"@type":"ListItem","position":1,"name":"Accueil","item":"https:\/\/ubcr.be\/ubcrubcr\/"},{"@type":"ListItem","position":2,"name":"Petites annonces"}]},{"@type":"WebSite","@id":"https:\/\/ubcr.be\/ubcrubcr\/#website","url":"https:\/\/ubcr.be\/ubcrubcr\/","name":"UBCR","description":"Union Belge de la Chasse et de la Ruralit\u00e9","publisher":{"@id":"https:\/\/ubcr.be\/ubcrubcr\/#organization"},"potentialAction":[{"@type":"SearchAction","target":{"@type":"EntryPoint","urlTemplate":"https:\/\/ubcr.be\/ubcrubcr\/?s={search_term_string}"},"query-input":{"@type":"PropertyValueSpecification","valueRequired":true,"valueName":"search_term_string"}}],"inLanguage":"fr-FR"},{"@type":"Organization","@id":"https:\/\/ubcr.be\/ubcrubcr\/#organization","name":"Union Belge de la Chasse et de la ruralit\u00e9","url":"https:\/\/ubcr.be\/ubcrubcr\/","logo":{"@type":"ImageObject","inLanguage":"fr-FR","@id":"https:\/\/ubcr.be\/ubcrubcr\/#\/schema\/logo\/image\/","url":"https:\/\/ubcr.be\/ubcrubcr\/wp-content\/uploads\/2023\/10\/Logo-2023-UBCR_Web3.png","contentUrl":"https:\/\/ubcr.be\/ubcrubcr\/wp-content\/uploads\/2023\/10\/Logo-2023-UBCR_Web3.png","width":381,"height":139,"caption":"Union Belge de la Chasse et de la ruralit\u00e9"},"image":{"@id":"https:\/\/ubcr.be\/ubcrubcr\/#\/schema\/logo\/image\/"}}]}},"_links":{"self":[{"href":"https:\/\/ubcr.be\/ubcrubcr\/wp-json\/wp\/v2\/pages\/935","targetHints":{"allow":["GET"]}}],"collection":[{"href":"https:\/\/ubcr.be\/ubcrubcr\/wp-json\/wp\/v2\/pages"}],"about":[{"href":"https:\/\/ubcr.be\/ubcrubcr\/wp-json\/wp\/v2\/types\/page"}],"author":[{"embeddable":true,"href":"https:\/\/ubcr.be\/ubcrubcr\/wp-json\/wp\/v2\/users\/3"}],"replies":[{"embeddable":true,"href":"https:\/\/ubcr.be\/ubcrubcr\/wp-json\/wp\/v2\/comments?post=935"}],"version-history":[{"count":15,"href":"https:\/\/ubcr.be\/ubcrubcr\/wp-json\/wp\/v2\/pages\/935\/revisions"}],"predecessor-version":[{"id":1264,"href":"https:\/\/ubcr.be\/ubcrubcr\/wp-json\/wp\/v2\/pages\/935\/revisions\/1264"}],"wp:attachment":[{"href":"https:\/\/ubcr.be\/ubcrubcr\/wp-json\/wp\/v2\/media?parent=935"}],"curies":[{"name":"wp","href":"https:\/\/api.w.org\/{rel}","templated":true}]}}