{"id":462,"date":"2023-10-10T14:56:49","date_gmt":"2023-10-10T12:56:49","guid":{"rendered":"https:\/\/ubcr.be\/ubcrubcr\/?page_id=462"},"modified":"2023-11-09T00:49:39","modified_gmt":"2023-11-08T23:49:39","slug":"wildschaden","status":"publish","type":"page","link":"https:\/\/ubcr.be\/ubcrubcr\/home\/degats-de-gibiers\/wildschaden\/","title":{"rendered":"Wildsch\u00e4den"},"content":{"rendered":"\n<div class=\"wp-block-cover\"><span aria-hidden=\"true\" class=\"wp-block-cover__background has-background-dim-20 has-background-dim\"><\/span><img loading=\"lazy\" decoding=\"async\" width=\"2048\" height=\"863\" class=\"wp-block-cover__image-background wp-image-651\" alt=\"\" src=\"https:\/\/ubcr.be\/ubcrubcr\/wp-content\/uploads\/2023\/11\/Degats.jpg\" data-object-fit=\"cover\" srcset=\"https:\/\/ubcr.be\/ubcrubcr\/wp-content\/uploads\/2023\/11\/Degats.jpg 2048w, https:\/\/ubcr.be\/ubcrubcr\/wp-content\/uploads\/2023\/11\/Degats-300x126.jpg 300w, https:\/\/ubcr.be\/ubcrubcr\/wp-content\/uploads\/2023\/11\/Degats-1024x432.jpg 1024w, https:\/\/ubcr.be\/ubcrubcr\/wp-content\/uploads\/2023\/11\/Degats-768x324.jpg 768w, https:\/\/ubcr.be\/ubcrubcr\/wp-content\/uploads\/2023\/11\/Degats-1536x647.jpg 1536w\" sizes=\"auto, (max-width: 2048px) 100vw, 2048px\" \/><div class=\"wp-block-cover__inner-container is-layout-constrained wp-block-cover-is-layout-constrained\">\n<h2 id=\"wp-block-themeisle-blocks-advanced-heading-2cf26474\" class=\"wp-block-themeisle-blocks-advanced-heading wp-block-themeisle-blocks-advanced-heading-2cf26474\">Unsere Zielsetzungen <\/h2>\n\n\n\n<h2 id=\"wp-block-themeisle-blocks-advanced-heading-e6c1063c\" class=\"wp-block-themeisle-blocks-advanced-heading wp-block-themeisle-blocks-advanced-heading-e6c1063c\">* Wildsch\u00e4den<\/h2>\n<\/div><\/div>\n\n\n\n<div class=\"wp-block-columns is-layout-flex wp-container-core-columns-is-layout-9d6595d7 wp-block-columns-is-layout-flex\">\n<div class=\"wp-block-column is-layout-flow wp-block-column-is-layout-flow\" style=\"flex-basis:10%\"><\/div>\n\n\n\n<div class=\"wp-block-column is-layout-flow wp-block-column-is-layout-flow\" style=\"flex-basis:75%\">\n<div id=\"wp-block-themeisle-blocks-advanced-columns-d72bb5ac\" class=\"wp-block-themeisle-blocks-advanced-columns has-1-columns has-desktop-equal-layout has-tablet-equal-layout has-mobile-equal-layout has-vertical-unset\"><div class=\"wp-block-themeisle-blocks-advanced-columns-overlay\"><\/div><div class=\"innerblocks-wrap\">\n<div id=\"wp-block-themeisle-blocks-advanced-column-9d56ce3d\" class=\"wp-block-themeisle-blocks-advanced-column\">\n<div style=\"height:25px\" aria-hidden=\"true\" class=\"wp-block-spacer\"><\/div>\n\n\n\n<p><strong>Nach dem Zweiten Weltkrieg war Europa hungrig!<\/strong><\/p>\n<p><strong>W\u00e4hrend des Krieges erlebte die Bev\u00f6lkerung Rationierungen. Grundnahrungsmittel wie Zucker waren knapp und teuer.<\/strong><\/p>\n<p><strong>Europa wurde aufgebaut und forderte die Landwirte auf, sich der Herausforderung der Nahrungsmittelversorgung zu stellen.<\/strong><\/p>\n<p><strong>Es wurden keinerlei Ma\u00dfnahmen vorgesehen, um die Landwirte zu entsch\u00e4digen!<\/strong><\/p>\n<p><strong>Die Wut der Landwirte war vor allem in der Provinz Luxemburg sp\u00fcrbar, wo unter anderem Wildschweine die Ernte verdarben.<\/strong><\/p>\n<p><strong>Vor diesem Hintergrund wurde das Gesetz von 1961 verabschiedet, in dem die Zahl der landwirtschaftlichen Betriebsleiter von 82.266 (Quelle: I.N.S. 1962) auf 12.670 im Jahr 2022 gesenkt wurde.<\/strong><\/p>\n<p><strong>Zu dieser Zeit bestand das Einkommen der Landwirte ausschlie\u00dflich aus dem Verkauf ihrer Produkte.<\/strong><\/p>\n<p><strong>Die Landwirte haben jedoch so gut gearbeitet, um die gesellschaftlichen Erwartungen zu erf\u00fcllen, dass es in den 1970er Jahren sehr schnell zu einer \u00dcberproduktion kam. Die Folgen waren der Bau von Lagerst\u00e4tten f\u00fcr die Berge von Butter, Fleisch,&#8230;. und die Umsetzung mehrerer Pl\u00e4ne (Mansholt, Mac Sharry,&#8230;, Milchquoten im Jahr 1984), die zur Regulierung der landwirtschaftlichen Produktion eingef\u00fchrt wurden.<\/strong><\/p>\n<p><strong>Heute und seit \u00fcber 30 Jahren wird von den Landwirten verlangt, die Umwelt und die biologische Vielfalt zu ber\u00fccksichtigen, und eine ganze Reihe von Ma\u00dfnahmen wird den Landwirten auferlegt und angeboten, wie z. B. die Agrarumwelt- und Klima Methoden.<\/strong><\/p>\n<p><strong>Von den kleinen Parzellen, die 1961 bewirtschaftet wurden, ist man zu gro\u00dfen Einheiten \u00fcbergegangen.<\/strong><\/p>\n<p><strong>Es wurden zahlreiche neue Kulturen eingef\u00fchrt wie Futtermais, K\u00f6rnermais, Mais f\u00fcr die Biogasanlage, Miscanthus, Wintergetreide, Brachfl\u00e4chen, Zwischenfruchtanbau und Bodenbedeckung, differenzierte Produktionen, \u00ab\u00a0Bio\u00a0\u00bb-Produktionen,&#8230;.<\/strong><\/p>\n<p><strong>Kurzum, die Kampagnen von 1961 und die von heute sind sehr unterschiedlich.<\/strong><\/p>\n<p><strong>Das Einkommen der Landwirte setzt sich aus mehreren Quellen zusammen: Verkauf, Fl\u00e4chenpr\u00e4mien im Zusammenhang mit der Konvergenz der europ\u00e4ischen Einkommen, Pr\u00e4mien im Zusammenhang mit Natura 2000, Pr\u00e4mien f\u00fcr benachteiligte Regionen, Bio-Pr\u00e4mien, Pr\u00e4mien im Zusammenhang mit Klimakatastrophen, MAEC, &#8230;.<\/strong><\/p>\n<p><strong>Das Gesetz von 1961 muss daher an den Kontext der heutigen Landwirtschaft angepasst und in einen globalen Plan zur Verwaltung der Sch\u00e4den integriert werden, an dem alle betroffenen Akteure beteiligt sind.<\/strong><\/p>\n\n\n\n<div style=\"height:25px\" aria-hidden=\"true\" class=\"wp-block-spacer\"><\/div>\n\n\n\n<p><a href=\"https:\/\/ubcr.be\/ubcrubcr\/index.php\/home\/lacher-de-gibier\/aussetzen-von-wildtieren\/\"><img decoding=\"async\" class=\"size-medium wp-image-446\" src=\"https:\/\/ubcr.be\/ubcrubcr\/wp-content\/uploads\/2023\/10\/DE-Lachers-300x53.png\" alt=\"\" width=\"232\" srcset=\"https:\/\/ubcr.be\/ubcrubcr\/wp-content\/uploads\/2023\/10\/DE-Lachers-300x53.png 300w, https:\/\/ubcr.be\/ubcrubcr\/wp-content\/uploads\/2023\/10\/DE-Lachers-768x135.png 768w, https:\/\/ubcr.be\/ubcrubcr\/wp-content\/uploads\/2023\/10\/DE-Lachers.png 800w\" sizes=\"(max-width: 300px) 100vw, 300px\" \/><\/a> <a href=\"https:\/\/ubcr.be\/ubcrubcr\/index.php\/home\/nourrissage-2\/futterung\/\"><img decoding=\"async\" class=\"size-medium wp-image-447\" src=\"https:\/\/ubcr.be\/ubcrubcr\/wp-content\/uploads\/2023\/10\/DE-Nourrissage-300x53.png\" alt=\"\" width=\"232\" srcset=\"https:\/\/ubcr.be\/ubcrubcr\/wp-content\/uploads\/2023\/10\/DE-Nourrissage-300x53.png 300w, https:\/\/ubcr.be\/ubcrubcr\/wp-content\/uploads\/2023\/10\/DE-Nourrissage-768x135.png 768w, https:\/\/ubcr.be\/ubcrubcr\/wp-content\/uploads\/2023\/10\/DE-Nourrissage.png 800w\" sizes=\"(max-width: 300px) 100vw, 300px\" \/><\/a> <img decoding=\"async\" class=\"size-medium wp-image-444\" src=\"https:\/\/ubcr.be\/ubcrubcr\/wp-content\/uploads\/2023\/10\/Gris-DE-Degats-300x53.png\" alt=\"\" width=\"232\" \/> <a href=\"https:\/\/ubcr.be\/ubcrubcr\/index.php\/home\/destructions\/vernichtung\/\"><img decoding=\"async\" class=\"size-medium wp-image-445\" src=\"https:\/\/ubcr.be\/ubcrubcr\/wp-content\/uploads\/2023\/10\/DE-Destruction-300x53.png\" alt=\"\" width=\"232\" srcset=\"https:\/\/ubcr.be\/ubcrubcr\/wp-content\/uploads\/2023\/10\/DE-Destruction-300x53.png 300w, https:\/\/ubcr.be\/ubcrubcr\/wp-content\/uploads\/2023\/10\/DE-Destruction-768x135.png 768w, https:\/\/ubcr.be\/ubcrubcr\/wp-content\/uploads\/2023\/10\/DE-Destruction.png 800w\" sizes=\"(max-width: 300px) 100vw, 300px\" \/><\/a> <a href=\"https:\/\/ubcr.be\/ubcrubcr\/index.php\/home\/venaisons\/wildbretverwertung\/\"><img decoding=\"async\" class=\"size-medium wp-image-448\" src=\"https:\/\/ubcr.be\/ubcrubcr\/wp-content\/uploads\/2023\/10\/DE-venaison-300x53.png\" alt=\"\" width=\"232\" srcset=\"https:\/\/ubcr.be\/ubcrubcr\/wp-content\/uploads\/2023\/10\/DE-venaison-300x53.png 300w, https:\/\/ubcr.be\/ubcrubcr\/wp-content\/uploads\/2023\/10\/DE-venaison-768x135.png 768w, https:\/\/ubcr.be\/ubcrubcr\/wp-content\/uploads\/2023\/10\/DE-venaison.png 800w\" sizes=\"(max-width: 300px) 100vw, 300px\" \/><\/a><\/p>\n\n\n\n<div id=\"wp-block-themeisle-blocks-button-group-39f01c39\" class=\"wp-block-themeisle-blocks-button-group wp-block-buttons\">\n<div id=\"wp-block-themeisle-blocks-button-cd26d136\" class=\"wp-block-themeisle-blocks-button wp-block-button is-style-outline\"><a href=\"https:\/\/ubcr.be\/ubcrubcr\/\" target=\"_self\" rel=\"noopener noreferrer\" class=\"wp-block-button__link\"><span>Zur\u00fcck zur Homepage<\/span><\/a><\/div>\n<\/div>\n<\/div>\n<\/div><\/div>\n<\/div>\n\n\n\n<div class=\"wp-block-column is-layout-flow wp-block-column-is-layout-flow\" style=\"flex-basis:10%\"><\/div>\n<\/div>\n","protected":false},"excerpt":{"rendered":"","protected":false},"author":3,"featured_media":0,"parent":399,"menu_order":0,"comment_status":"closed","ping_status":"closed","template":"","meta":{"ngg_post_thumbnail":0,"ocean_post_layout":"","ocean_both_sidebars_style":"","ocean_both_sidebars_content_width":0,"ocean_both_sidebars_sidebars_width":0,"ocean_sidebar":"","ocean_second_sidebar":"","ocean_disable_margins":"enable","ocean_add_body_class":"","ocean_shortcode_before_top_bar":"","ocean_shortcode_after_top_bar":"","ocean_shortcode_before_header":"","ocean_shortcode_after_header":"","ocean_has_shortcode":"","ocean_shortcode_after_title":"","ocean_shortcode_before_footer_widgets":"","ocean_shortcode_after_footer_widgets":"","ocean_shortcode_before_footer_bottom":"","ocean_shortcode_after_footer_bottom":"","ocean_display_top_bar":"default","ocean_display_header":"default","ocean_header_style":"","ocean_center_header_left_menu":"","ocean_custom_header_template":"","ocean_custom_logo":0,"ocean_custom_retina_logo":0,"ocean_custom_logo_max_width":0,"ocean_custom_logo_tablet_max_width":0,"ocean_custom_logo_mobile_max_width":0,"ocean_custom_logo_max_height":0,"ocean_custom_logo_tablet_max_height":0,"ocean_custom_logo_mobile_max_height":0,"ocean_header_custom_menu":"","ocean_menu_typo_font_family":"","ocean_menu_typo_font_subset":"","ocean_menu_typo_font_size":0,"ocean_menu_typo_font_size_tablet":0,"ocean_menu_typo_font_size_mobile":0,"ocean_menu_typo_font_size_unit":"px","ocean_menu_typo_font_weight":"","ocean_menu_typo_font_weight_tablet":"","ocean_menu_typo_font_weight_mobile":"","ocean_menu_typo_transform":"","ocean_menu_typo_transform_tablet":"","ocean_menu_typo_transform_mobile":"","ocean_menu_typo_line_height":0,"ocean_menu_typo_line_height_tablet":0,"ocean_menu_typo_line_height_mobile":0,"ocean_menu_typo_line_height_unit":"","ocean_menu_typo_spacing":0,"ocean_menu_typo_spacing_tablet":0,"ocean_menu_typo_spacing_mobile":0,"ocean_menu_typo_spacing_unit":"","ocean_menu_link_color":"","ocean_menu_link_color_hover":"","ocean_menu_link_color_active":"","ocean_menu_link_background":"","ocean_menu_link_hover_background":"","ocean_menu_link_active_background":"","ocean_menu_social_links_bg":"","ocean_menu_social_hover_links_bg":"","ocean_menu_social_links_color":"","ocean_menu_social_hover_links_color":"","ocean_disable_title":"default","ocean_disable_heading":"default","ocean_post_title":"","ocean_post_subheading":"","ocean_post_title_style":"","ocean_post_title_background_color":"","ocean_post_title_background":0,"ocean_post_title_bg_image_position":"","ocean_post_title_bg_image_attachment":"","ocean_post_title_bg_image_repeat":"","ocean_post_title_bg_image_size":"","ocean_post_title_height":0,"ocean_post_title_bg_overlay":0.5,"ocean_post_title_bg_overlay_color":"","ocean_disable_breadcrumbs":"default","ocean_breadcrumbs_color":"","ocean_breadcrumbs_separator_color":"","ocean_breadcrumbs_links_color":"","ocean_breadcrumbs_links_hover_color":"","ocean_display_footer_widgets":"default","ocean_display_footer_bottom":"default","ocean_custom_footer_template":"","_themeisle_gutenberg_block_has_review":false,"footnotes":""},"class_list":["post-462","page","type-page","status-publish","hentry","entry"],"yoast_head":"<!-- This site is optimized with the Yoast SEO plugin v27.0 - https:\/\/yoast.com\/product\/yoast-seo-wordpress\/ -->\n<title>Wildsch\u00e4den - UBCR<\/title>\n<meta name=\"robots\" content=\"index, follow, max-snippet:-1, max-image-preview:large, max-video-preview:-1\" \/>\n<link rel=\"canonical\" href=\"https:\/\/ubcr.be\/ubcrubcr\/home\/degats-de-gibiers\/wildschaden\/\" \/>\n<meta property=\"og:locale\" content=\"fr_FR\" \/>\n<meta property=\"og:type\" content=\"article\" \/>\n<meta property=\"og:title\" content=\"Wildsch\u00e4den - UBCR\" \/>\n<meta property=\"og:url\" content=\"https:\/\/ubcr.be\/ubcrubcr\/home\/degats-de-gibiers\/wildschaden\/\" \/>\n<meta property=\"og:site_name\" content=\"UBCR\" \/>\n<meta property=\"article:modified_time\" content=\"2023-11-08T23:49:39+00:00\" \/>\n<meta property=\"og:image\" content=\"http:\/\/ubcr.be\/ubcrubcr\/wp-content\/uploads\/2023\/11\/Degats.jpg\" \/>\n<meta name=\"twitter:card\" content=\"summary_large_image\" \/>\n<meta name=\"twitter:label1\" content=\"Dur\u00e9e de lecture estim\u00e9e\" \/>\n\t<meta name=\"twitter:data1\" content=\"3 minutes\" \/>\n<script type=\"application\/ld+json\" class=\"yoast-schema-graph\">{\"@context\":\"https:\/\/schema.org\",\"@graph\":[{\"@type\":\"WebPage\",\"@id\":\"https:\/\/ubcr.be\/ubcrubcr\/home\/degats-de-gibiers\/wildschaden\/\",\"url\":\"https:\/\/ubcr.be\/ubcrubcr\/home\/degats-de-gibiers\/wildschaden\/\",\"name\":\"Wildsch\u00e4den - UBCR\",\"isPartOf\":{\"@id\":\"https:\/\/ubcr.be\/ubcrubcr\/#website\"},\"primaryImageOfPage\":{\"@id\":\"https:\/\/ubcr.be\/ubcrubcr\/home\/degats-de-gibiers\/wildschaden\/#primaryimage\"},\"image\":{\"@id\":\"https:\/\/ubcr.be\/ubcrubcr\/home\/degats-de-gibiers\/wildschaden\/#primaryimage\"},\"thumbnailUrl\":\"http:\/\/ubcr.be\/ubcrubcr\/wp-content\/uploads\/2023\/11\/Degats.jpg\",\"datePublished\":\"2023-10-10T12:56:49+00:00\",\"dateModified\":\"2023-11-08T23:49:39+00:00\",\"breadcrumb\":{\"@id\":\"https:\/\/ubcr.be\/ubcrubcr\/home\/degats-de-gibiers\/wildschaden\/#breadcrumb\"},\"inLanguage\":\"fr-FR\",\"potentialAction\":[{\"@type\":\"ReadAction\",\"target\":[\"https:\/\/ubcr.be\/ubcrubcr\/home\/degats-de-gibiers\/wildschaden\/\"]}]},{\"@type\":\"ImageObject\",\"inLanguage\":\"fr-FR\",\"@id\":\"https:\/\/ubcr.be\/ubcrubcr\/home\/degats-de-gibiers\/wildschaden\/#primaryimage\",\"url\":\"https:\/\/ubcr.be\/ubcrubcr\/wp-content\/uploads\/2023\/11\/Degats.jpg\",\"contentUrl\":\"https:\/\/ubcr.be\/ubcrubcr\/wp-content\/uploads\/2023\/11\/Degats.jpg\",\"width\":2048,\"height\":863},{\"@type\":\"BreadcrumbList\",\"@id\":\"https:\/\/ubcr.be\/ubcrubcr\/home\/degats-de-gibiers\/wildschaden\/#breadcrumb\",\"itemListElement\":[{\"@type\":\"ListItem\",\"position\":1,\"name\":\"Accueil\",\"item\":\"https:\/\/ubcr.be\/ubcrubcr\/\"},{\"@type\":\"ListItem\",\"position\":2,\"name\":\"Home\",\"item\":\"https:\/\/ubcr.be\/ubcrubcr\/\"},{\"@type\":\"ListItem\",\"position\":3,\"name\":\"D\u00e9g\u00e2ts de gibiers\",\"item\":\"https:\/\/ubcr.be\/ubcrubcr\/home\/degats-de-gibiers\/\"},{\"@type\":\"ListItem\",\"position\":4,\"name\":\"Wildsch\u00e4den\"}]},{\"@type\":\"WebSite\",\"@id\":\"https:\/\/ubcr.be\/ubcrubcr\/#website\",\"url\":\"https:\/\/ubcr.be\/ubcrubcr\/\",\"name\":\"UBCR\",\"description\":\"Union Belge de la Chasse et de la Ruralit\u00e9\",\"publisher\":{\"@id\":\"https:\/\/ubcr.be\/ubcrubcr\/#organization\"},\"potentialAction\":[{\"@type\":\"SearchAction\",\"target\":{\"@type\":\"EntryPoint\",\"urlTemplate\":\"https:\/\/ubcr.be\/ubcrubcr\/?s={search_term_string}\"},\"query-input\":{\"@type\":\"PropertyValueSpecification\",\"valueRequired\":true,\"valueName\":\"search_term_string\"}}],\"inLanguage\":\"fr-FR\"},{\"@type\":\"Organization\",\"@id\":\"https:\/\/ubcr.be\/ubcrubcr\/#organization\",\"name\":\"Union Belge de la Chasse et de la ruralit\u00e9\",\"url\":\"https:\/\/ubcr.be\/ubcrubcr\/\",\"logo\":{\"@type\":\"ImageObject\",\"inLanguage\":\"fr-FR\",\"@id\":\"https:\/\/ubcr.be\/ubcrubcr\/#\/schema\/logo\/image\/\",\"url\":\"https:\/\/ubcr.be\/ubcrubcr\/wp-content\/uploads\/2023\/10\/Logo-2023-UBCR_Web3.png\",\"contentUrl\":\"https:\/\/ubcr.be\/ubcrubcr\/wp-content\/uploads\/2023\/10\/Logo-2023-UBCR_Web3.png\",\"width\":381,\"height\":139,\"caption\":\"Union Belge de la Chasse et de la ruralit\u00e9\"},\"image\":{\"@id\":\"https:\/\/ubcr.be\/ubcrubcr\/#\/schema\/logo\/image\/\"}}]}<\/script>\n<!-- \/ Yoast SEO plugin. -->","yoast_head_json":{"title":"Wildsch\u00e4den - UBCR","robots":{"index":"index","follow":"follow","max-snippet":"max-snippet:-1","max-image-preview":"max-image-preview:large","max-video-preview":"max-video-preview:-1"},"canonical":"https:\/\/ubcr.be\/ubcrubcr\/home\/degats-de-gibiers\/wildschaden\/","og_locale":"fr_FR","og_type":"article","og_title":"Wildsch\u00e4den - UBCR","og_url":"https:\/\/ubcr.be\/ubcrubcr\/home\/degats-de-gibiers\/wildschaden\/","og_site_name":"UBCR","article_modified_time":"2023-11-08T23:49:39+00:00","og_image":[{"url":"http:\/\/ubcr.be\/ubcrubcr\/wp-content\/uploads\/2023\/11\/Degats.jpg","type":"","width":"","height":""}],"twitter_card":"summary_large_image","twitter_misc":{"Dur\u00e9e de lecture estim\u00e9e":"3 minutes"},"schema":{"@context":"https:\/\/schema.org","@graph":[{"@type":"WebPage","@id":"https:\/\/ubcr.be\/ubcrubcr\/home\/degats-de-gibiers\/wildschaden\/","url":"https:\/\/ubcr.be\/ubcrubcr\/home\/degats-de-gibiers\/wildschaden\/","name":"Wildsch\u00e4den - UBCR","isPartOf":{"@id":"https:\/\/ubcr.be\/ubcrubcr\/#website"},"primaryImageOfPage":{"@id":"https:\/\/ubcr.be\/ubcrubcr\/home\/degats-de-gibiers\/wildschaden\/#primaryimage"},"image":{"@id":"https:\/\/ubcr.be\/ubcrubcr\/home\/degats-de-gibiers\/wildschaden\/#primaryimage"},"thumbnailUrl":"http:\/\/ubcr.be\/ubcrubcr\/wp-content\/uploads\/2023\/11\/Degats.jpg","datePublished":"2023-10-10T12:56:49+00:00","dateModified":"2023-11-08T23:49:39+00:00","breadcrumb":{"@id":"https:\/\/ubcr.be\/ubcrubcr\/home\/degats-de-gibiers\/wildschaden\/#breadcrumb"},"inLanguage":"fr-FR","potentialAction":[{"@type":"ReadAction","target":["https:\/\/ubcr.be\/ubcrubcr\/home\/degats-de-gibiers\/wildschaden\/"]}]},{"@type":"ImageObject","inLanguage":"fr-FR","@id":"https:\/\/ubcr.be\/ubcrubcr\/home\/degats-de-gibiers\/wildschaden\/#primaryimage","url":"https:\/\/ubcr.be\/ubcrubcr\/wp-content\/uploads\/2023\/11\/Degats.jpg","contentUrl":"https:\/\/ubcr.be\/ubcrubcr\/wp-content\/uploads\/2023\/11\/Degats.jpg","width":2048,"height":863},{"@type":"BreadcrumbList","@id":"https:\/\/ubcr.be\/ubcrubcr\/home\/degats-de-gibiers\/wildschaden\/#breadcrumb","itemListElement":[{"@type":"ListItem","position":1,"name":"Accueil","item":"https:\/\/ubcr.be\/ubcrubcr\/"},{"@type":"ListItem","position":2,"name":"Home","item":"https:\/\/ubcr.be\/ubcrubcr\/"},{"@type":"ListItem","position":3,"name":"D\u00e9g\u00e2ts de gibiers","item":"https:\/\/ubcr.be\/ubcrubcr\/home\/degats-de-gibiers\/"},{"@type":"ListItem","position":4,"name":"Wildsch\u00e4den"}]},{"@type":"WebSite","@id":"https:\/\/ubcr.be\/ubcrubcr\/#website","url":"https:\/\/ubcr.be\/ubcrubcr\/","name":"UBCR","description":"Union Belge de la Chasse et de la Ruralit\u00e9","publisher":{"@id":"https:\/\/ubcr.be\/ubcrubcr\/#organization"},"potentialAction":[{"@type":"SearchAction","target":{"@type":"EntryPoint","urlTemplate":"https:\/\/ubcr.be\/ubcrubcr\/?s={search_term_string}"},"query-input":{"@type":"PropertyValueSpecification","valueRequired":true,"valueName":"search_term_string"}}],"inLanguage":"fr-FR"},{"@type":"Organization","@id":"https:\/\/ubcr.be\/ubcrubcr\/#organization","name":"Union Belge de la Chasse et de la ruralit\u00e9","url":"https:\/\/ubcr.be\/ubcrubcr\/","logo":{"@type":"ImageObject","inLanguage":"fr-FR","@id":"https:\/\/ubcr.be\/ubcrubcr\/#\/schema\/logo\/image\/","url":"https:\/\/ubcr.be\/ubcrubcr\/wp-content\/uploads\/2023\/10\/Logo-2023-UBCR_Web3.png","contentUrl":"https:\/\/ubcr.be\/ubcrubcr\/wp-content\/uploads\/2023\/10\/Logo-2023-UBCR_Web3.png","width":381,"height":139,"caption":"Union Belge de la Chasse et de la ruralit\u00e9"},"image":{"@id":"https:\/\/ubcr.be\/ubcrubcr\/#\/schema\/logo\/image\/"}}]}},"_links":{"self":[{"href":"https:\/\/ubcr.be\/ubcrubcr\/wp-json\/wp\/v2\/pages\/462","targetHints":{"allow":["GET"]}}],"collection":[{"href":"https:\/\/ubcr.be\/ubcrubcr\/wp-json\/wp\/v2\/pages"}],"about":[{"href":"https:\/\/ubcr.be\/ubcrubcr\/wp-json\/wp\/v2\/types\/page"}],"author":[{"embeddable":true,"href":"https:\/\/ubcr.be\/ubcrubcr\/wp-json\/wp\/v2\/users\/3"}],"replies":[{"embeddable":true,"href":"https:\/\/ubcr.be\/ubcrubcr\/wp-json\/wp\/v2\/comments?post=462"}],"version-history":[{"count":10,"href":"https:\/\/ubcr.be\/ubcrubcr\/wp-json\/wp\/v2\/pages\/462\/revisions"}],"predecessor-version":[{"id":680,"href":"https:\/\/ubcr.be\/ubcrubcr\/wp-json\/wp\/v2\/pages\/462\/revisions\/680"}],"up":[{"embeddable":true,"href":"https:\/\/ubcr.be\/ubcrubcr\/wp-json\/wp\/v2\/pages\/399"}],"wp:attachment":[{"href":"https:\/\/ubcr.be\/ubcrubcr\/wp-json\/wp\/v2\/media?parent=462"}],"curies":[{"name":"wp","href":"https:\/\/api.w.org\/{rel}","templated":true}]}}